{"id":2,"date":"2022-10-13T14:31:25","date_gmt":"2022-10-13T14:31:25","guid":{"rendered":"https:\/\/di.realhomes.io\/spanish\/?page_id=2"},"modified":"2022-10-13T14:31:25","modified_gmt":"2022-10-13T14:31:25","slug":"sample-page","status":"publish","type":"page","link":"https:\/\/otarvainmobiliaria.com\/index.php\/sample-page\/","title":{"rendered":"P\u00e1gina de Ejemplo"},"content":{"rendered":"\n<p>Esta es una pagina de ejemplo. Es diferente de una publicaci\u00f3n de blog porque permanecer\u00e1 en un solo lugar y aparecer\u00e1 en la navegaci\u00f3n de su sitio (en la mayor\u00eda de los temas). La mayor\u00eda de las personas comienzan con una p\u00e1gina Acerca de que les presenta a los visitantes potenciales del sitio. Podr\u00eda decir algo como esto:<\/p>\n\n\n\n<blockquote class=\"wp-block-quote is-layout-flow wp-block-quote-is-layout-flow\">\n<p>\u00a1Hola! Soy mensajero en bicicleta de d\u00eda, aspirante a actor de noche, y este es mi sitio web. Vivo en Los \u00c1ngeles, tengo un perro fant\u00e1stico llamado Jack y me gustan las pi\u00f1as coladas. (Y quedar atrapado bajo la lluvia).<\/p>\n<\/blockquote>\n\n\n\n<p>\u2026o algo como esto:<\/p>\n\n\n\n<blockquote class=\"wp-block-quote is-layout-flow wp-block-quote-is-layout-flow\">\n<p>XYZ Doohickey Company se fund\u00f3 en 1971 y desde entonces ofrece doohickeys de calidad al p\u00fablico. Ubicada en Gotham City, XYZ emplea a m\u00e1s de 2000 personas y hace todo tipo de cosas incre\u00edbles para la comunidad de Gotham.<\/p>\n<\/blockquote>\n\n\n\n<p>Como nuevo usuario de WordPress, debes ir a tu panel de control para eliminar esta p\u00e1gina y crear p\u00e1ginas nuevas para tu contenido. \u00a1Divertirse!<\/p>\n","protected":false},"excerpt":{"rendered":"<p>Esta es una pagina de ejemplo. Es diferente de una publicaci\u00f3n de blog porque permanecer\u00e1 en un solo lugar y aparecer\u00e1 en la navegaci\u00f3n de su sitio (en la mayor\u00eda de los temas). La mayor\u00eda de las personas comienzan con una p\u00e1gina Acerca de que les presenta a los visitantes potenciales del sitio. Podr\u00eda decir&#8230;<\/p>\n","protected":false},"author":1,"featured_media":0,"parent":0,"menu_order":0,"comment_status":"closed","ping_status":"open","template":"","meta":{"footnotes":""},"class_list":["post-2","page","type-page","status-publish","hentry"],"_links":{"self":[{"href":"https:\/\/otarvainmobiliaria.com\/index.php\/wp-json\/wp\/v2\/pages\/2","targetHints":{"allow":["GET"]}}],"collection":[{"href":"https:\/\/otarvainmobiliaria.com\/index.php\/wp-json\/wp\/v2\/pages"}],"about":[{"href":"https:\/\/otarvainmobiliaria.com\/index.php\/wp-json\/wp\/v2\/types\/page"}],"author":[{"embeddable":true,"href":"https:\/\/otarvainmobiliaria.com\/index.php\/wp-json\/wp\/v2\/users\/1"}],"replies":[{"embeddable":true,"href":"https:\/\/otarvainmobiliaria.com\/index.php\/wp-json\/wp\/v2\/comments?post=2"}],"version-history":[{"count":0,"href":"https:\/\/otarvainmobiliaria.com\/index.php\/wp-json\/wp\/v2\/pages\/2\/revisions"}],"wp:attachment":[{"href":"https:\/\/otarvainmobiliaria.com\/index.php\/wp-json\/wp\/v2\/media?parent=2"}],"curies":[{"name":"wp","href":"https:\/\/api.w.org\/{rel}","templated":true}]}}